{"id":3919,"date":"2020-10-25T12:49:00","date_gmt":"2020-10-25T11:49:00","guid":{"rendered":"https:\/\/poliures.it\/?page_id=3919"},"modified":"2020-12-13T16:55:14","modified_gmt":"2020-12-13T15:55:14","slug":"privacy","status":"publish","type":"page","link":"https:\/\/poliures.it\/?page_id=3919","title":{"rendered":"Privacy"},"content":{"rendered":"<h2>INFORMATIVA SUL TRATTAMENTO DI DATI PERSONALI ai sensi del Regolamento (UE) 2016\/679 del Parlamento europeo e del Consiglio del 27 aprile 2016 (GDPR)<\/h2>\n<h4>Premessa<\/h4>\n<p>La presente informativa \u00e8 resa per il sito \u201c<a href=\"https:\/\/poliures.it\/\">www.poliures.it<\/a>\u201d (<strong>Sito<\/strong>) di propriet\u00e0 di POLIURES S.R.L, con sede in Via F.Caracciolo 15 Napoli NA 80122 IT, con P. IVA n. 09586851215, capitale sociale di 24.000,00 \u20ac i.v. (<strong>Titolare del Trattamento<\/strong>), in qualit\u00e0 di Titolare del Trattamento ai sensi del GDPR.<\/p>\n<p class=\"page-separator\">***<\/p>\n<p>In ottemperanza al GDPR, con la presente intendiamo informarLa che il Titolare del Trattamento sottoporr\u00e0 a trattamento i dati personali che La riguardano alle seguenti condizioni.<\/p>\n<p><strong>Art. 1. Finalit\u00e0 e base giuridica del trattamento. Conferimento obbligatorio o facoltativo. Conseguenze del rifiuto al trattamento.<\/strong><\/p>\n<p>Il trattamento dei dati personali \u00e8 diretto al raggiungimento delle seguenti finalit\u00e0:<\/p>\n<p>a. per permettere il rispetto degli obblighi derivanti dalla legge o dai regolamenti in vigore, in particolare, in ambito amministrativo, contabile, di pubblica sicurezza. La base giuridica del trattamento \u00e8 la necessit\u00e0 del Titolare del Trattamento di eseguire misure precontrattuali adottate su richiesta dell&#8217;interessato oppure di adempiere a un obbligo di legge;<\/p>\n<p>b. per rispondere alle Sue richieste tramite il servizio di customer care. Il conferimento \u00e8 facoltativo, ma il Suo rifiuto comporter\u00e0 l\u2019impossibilit\u00e0 per il Titolare del Trattamento di rispondere alle Sue domande tramite questo servizio. La base giuridica del trattamento \u00e8 il legittimo interesse del Titolare del Trattamento a dare seguito alle richieste dell\u2019utente. Questo legittimo interesse \u00e8 equivalente all&#8217;interesse dell&#8217;utente a ricevere risposta alle comunicazioni inviate al Titolare del Trattamento;<\/p>\n<p>c. per rispondere per email, telefono, posta alle Sue richieste. Il conferimento \u00e8 facoltativo, ma il Suo rifiuto comporter\u00e0 l\u2019impossibilit\u00e0 per il Titolare del Trattamento di rispondere alle Sue richieste. La base giuridica del trattamento \u00e8 il legittimo interesse del Titolare del Trattamento a rispondere alle richieste dell\u2019utente. Questo legittimo interesse \u00e8 equivalente all&#8217;interesse dell&#8217;utente a ricevere risposta alle comunicazioni inviate al Titolare del Trattamento.<\/p>\n<p>Fermo quanto precede, resta inteso che il Titolare del Trattamento potr\u00e0 comunque utilizzare i Suoi dati personali al solo fine di dare corretto adempimento agli obblighi previsti dalle leggi in vigore e agli obblighi derivanti dai rapporti contrattuali in essere tra Lei e il Titolare del Trattamento.<\/p>\n<h4>Dati particolari o giudiziari<\/h4>\n<p>Il Titolare del Trattamento non tratta dati particolari o giudiziari.<\/p>\n<p><strong>Art. 2. Modalit\u00e0 del trattamento<\/strong><\/p>\n<p>Il trattamento dei Suoi dati personali sar\u00e0 principalmente effettuato con l\u2019ausilio di mezzi elettronici o comunque automatizzati, secondo le modalit\u00e0 e con gli strumenti idonei a garantirne la sicurezza e la riservatezza in conformit\u00e0 al GDPR.<\/p>\n<p>Le informazioni acquisite e le modalit\u00e0 del trattamento saranno pertinenti e non eccedenti rispetto alla tipologia dei servizi resi. I dati saranno altres\u00ec gestiti e protetti in ambienti il cui accesso \u00e8 sotto costante controllo.<\/p>\n<p><strong>Art. 3. Comunicazione e diffusione dei dati<\/strong><\/p>\n<p>I Suoi dati potranno essere comunicati:<\/p>\n<ul>\n<li>a tutti quei soggetti (ivi incluse le Pubbliche Autorit\u00e0) che hanno accesso ai dati personali in forza di provvedimenti normativi o amministrativi<\/li>\n<li>a societ\u00e0, consulenti o professionisti eventualmente incaricati dell\u2019installazione, della manutenzione, dell\u2019aggiornamento e, in generale, della gestione degli hardware e software del Titolare del Trattamento o di cui quest&#8217;ultimo si serve per l\u2019erogazione dei propri servizi<\/li>\n<li>alla societ\u00e0 incaricata della effettuazione dell\u2019attivit\u00e0 di customer care<\/li>\n<li>a tutte quei soggetti pubblici e\/o privati, persone fisiche e\/o giuridiche (studi di consulenza legale, amministrativa e fiscale, Uffici Giudiziari, Camere di Commercio, Camere ed Uffici del Lavoro, ecc.), qualora la comunicazione risulti necessaria o funzionale al corretto adempimento degli obblighi derivanti dalla legge.<\/li>\n<\/ul>\n<p>I dati che la riguardano non saranno diffusi, se non in forma anonima ed aggregata, per finalit\u00e0 statistiche o di ricerca.<\/p>\n<p><strong>Art. 4. Titolare del Trattamento<\/strong><\/p>\n<p>Il Titolare del Trattamento dei dati personali pu\u00f2 essere contatto ai seguenti recapiti:<\/p>\n<p>POLIURES S.R.L Via F.Caracciolo 15 Napoli NA 80122 IT<br \/>\nTelefono: 081.3192210<br \/>\nEmail: info@poliureslegalblink.it<\/p>\n<p><strong>Art. 5. Conservazione dei dati personali<\/strong><\/p>\n<p>&nbsp;<\/p>\n<p>I dati dell&#8217;utente saranno conservati per il solo tempo necessario a garantire la corretta prestazione dei servizi offerti e comunque entro i termini disposti dalla normativa o dai provvedimenti del Garante per la Protezione dei Dati Personali.<\/p>\n<p>&nbsp;<\/p>\n<p><strong>Art. 6. Diritti dell&#8217;interessato<\/strong><\/p>\n<p>Ai sensi dell\u2019art. 13 del Regolamento Privacy, il Titolare del Trattamento La informa che Lei ha diritto di:<\/p>\n<ul>\n<li>chiedere al Titolare del Trattamento l\u2019accesso ai dati personali e la rettifica o la cancellazione degli stessi o la limitazione del trattamento che La riguardano o di opporsi al loro trattamento, oltre al diritto alla portabilit\u00e0 dei dati<\/li>\n<li>revocare il consenso in qualsiasi momento senza pregiudicare la liceit\u00e0 del trattamento basata sul consenso prestato prima della revoca<\/li>\n<li>proporre reclamo a un\u2019autorit\u00e0 di controllo (es.: il Garante per la protezione dei dati personali).<\/li>\n<\/ul>\n<p>I diritti di cui sopra potranno essere esercitati con richiesta rivolta senza formalit\u00e0 al Titolare del Trattamento ai contatti sopra indicati.<\/p>\n<p>&nbsp;<\/p>\n<p><strong>Art. 7. Modifiche<\/strong><\/p>\n<p>Il Titolare del Trattamento si riserva il diritto di apportare modifiche alla presente informativa in qualsiasi momento, dandone idonea pubblicit\u00e0 agli utenti del Sito e garantendo in ogni caso una adeguata ed analoga protezione dei dati personali. Al fine di visionare eventuali modifiche, Lei \u00e8 invitato a consultare con regolarit\u00e0 la presente informativa.<\/p>\n<p>&nbsp;<\/p>\n","protected":false},"excerpt":{"rendered":"<p>INFORMATIVA SUL TRATTAMENTO DI DATI PERSONALI ai sensi del Regolamento (UE) 2016\/679 del Parlamento europeo e del Consiglio del 27 aprile 2016 (GDPR) Premessa La presente informativa \u00e8 resa per il sito \u201cwww.poliures.it\u201d (Sito) di propriet\u00e0 di POLIURES S.R.L, con sede in Via F.Caracciolo 15 Napoli NA 80122 IT, con P. IVA n. 09586851215, capitale [&hellip;]<\/p>\n","protected":false},"author":1,"featured_media":0,"parent":0,"menu_order":0,"comment_status":"closed","ping_status":"closed","template":"","meta":[],"_links":{"self":[{"href":"https:\/\/poliures.it\/index.php?rest_route=\/wp\/v2\/pages\/3919"}],"collection":[{"href":"https:\/\/poliures.it\/index.php?rest_route=\/wp\/v2\/pages"}],"about":[{"href":"https:\/\/poliures.it\/index.php?rest_route=\/wp\/v2\/types\/page"}],"author":[{"embeddable":true,"href":"https:\/\/poliures.it\/index.php?rest_route=\/wp\/v2\/users\/1"}],"replies":[{"embeddable":true,"href":"https:\/\/poliures.it\/index.php?rest_route=%2Fwp%2Fv2%2Fcomments&post=3919"}],"version-history":[{"count":2,"href":"https:\/\/poliures.it\/index.php?rest_route=\/wp\/v2\/pages\/3919\/revisions"}],"predecessor-version":[{"id":4203,"href":"https:\/\/poliures.it\/index.php?rest_route=\/wp\/v2\/pages\/3919\/revisions\/4203"}],"wp:attachment":[{"href":"https:\/\/poliures.it\/index.php?rest_route=%2Fwp%2Fv2%2Fmedia&parent=3919"}],"curies":[{"name":"wp","href":"https:\/\/api.w.org\/{rel}","templated":true}]}}